{"id":669,"date":"2015-07-29T13:44:44","date_gmt":"2015-07-29T13:44:44","guid":{"rendered":"https:\/\/optimus.qsandbox.com\/zqs\/qbcj\/site\/zakra-job-portal\/?page_id=4"},"modified":"2025-01-17T02:52:04","modified_gmt":"2025-01-17T01:52:04","slug":"home","status":"publish","type":"page","link":"https:\/\/teamventor.com\/?page_id=669","title":{"rendered":"US\u0141UGI"},"content":{"rendered":"\n<div class=\"alignfull blockart-section blockart-section-10951d6f alignfull\"><div class=\"blockart-overlay\"><\/div><div class=\"blockart-container\"><div class=\"blockart-section-inner\">\n<div class=\"blockart-column blockart-column-be7a125a\"><div class=\"blockart-column-inner\">\n<h1 class=\"blockart-heading blockart-heading-87c68e4d\"><\/h1>\n\n\n\n<h2 class=\"blockart-heading blockart-heading-e451a64a\">Dlaczego TeamVentor?<\/h2>\n\n\n\n<p class=\"blockart-paragraph blockart-paragraph-bd7275bf\">Istnieje wiele powod\u00f3w, dla kt\u00f3rych Klienci wykorzystaj\u0105 nasze kompetencje. Ch\u0119tnie o nich opowiemy koncentruj\u0105c si\u0119 na naszych us\u0142ugach<\/p>\n<\/div><\/div>\n<\/div><\/div><\/div>\n\n\n\n<div class=\"alignfull blockart-section blockart-section-ec5a5ae8 alignfull\"><div class=\"blockart-container\"><div class=\"blockart-section-inner\">\n<div class=\"blockart-column blockart-column-5bade83f\"><div class=\"blockart-column-inner\">\n<h3 class=\"blockart-heading blockart-heading-86f72ab0\"><\/h3>\n\n\n\n\n\n<div class=\"alignfull blockart-section blockart-section-24d2107e alignfull\"><div class=\"blockart-container-fluid\"><div class=\"blockart-section-inner\">\n<div class=\"blockart-column blockart-column-8b801afe\"><div class=\"blockart-column-inner\">\n<figure class=\"blockart-image blockart-image-f20026dd\"><img fetchpriority=\"high\" decoding=\"async\" class=\"wp-image-1437 hover-effect-static filter-none mask mask-none\" src=\"https:\/\/teamventor.com\/wp-content\/uploads\/2024\/11\/cropped-smartstart.png\" alt=\"\" height=\"165\" width=\"543\" srcset=\"https:\/\/teamventor.com\/wp-content\/uploads\/2024\/11\/cropped-smartstart.png 543w, https:\/\/teamventor.com\/wp-content\/uploads\/2024\/11\/cropped-smartstart-300x91.png 300w\" sizes=\"(max-width: 543px) 100vw, 543px\" \/><\/figure>\n\n\n\n<h5 class=\"blockart-heading blockart-heading-3aff41d0\">SmartSTART<\/h5>\n\n\n\n<p class=\"blockart-paragraph blockart-paragraph-9a5ed1b2\"><strong>Inwentaryzacje zasob\u00f3w IT\u00a0<br>audyt \u015brodowiska i system\u00f3w\u00a0<br>analiza danych z diagnostyki\u00a0<br>rekomendacje odpowiednich\u00a0<br>rozwi\u0105za\u0144 i optymalizacji\u00a0<\/strong><\/p>\n\n\n\n<div class=\"blockart-button blockart-button-80043774 \"><a class=\"blockart-button-link is-custom is-style-filled\" href=\"https:\/\/teamventor.com\/?page_id=1687\">zobacz wi\u0119cej<\/a><\/div>\n<\/div><\/div>\n\n\n\n<div class=\"blockart-column blockart-column-6e17fed4\"><div class=\"blockart-column-inner\">\n<figure class=\"blockart-image blockart-image-fceffdf0\"><img decoding=\"async\" class=\"wp-image-1724 hover-effect-static filter-none mask mask-none\" src=\"https:\/\/teamventor.com\/wp-content\/uploads\/2024\/11\/cropped-smartplan-1.png\" alt=\"\" height=\"143\" width=\"510\" srcset=\"https:\/\/teamventor.com\/wp-content\/uploads\/2024\/11\/cropped-smartplan-1.png 510w, https:\/\/teamventor.com\/wp-content\/uploads\/2024\/11\/cropped-smartplan-1-300x84.png 300w\" sizes=\"(max-width: 510px) 100vw, 510px\" \/><\/figure>\n\n\n\n<h5 class=\"blockart-heading blockart-heading-32151d00\">SmartPLAN<\/h5>\n\n\n\n<p class=\"blockart-paragraph blockart-paragraph-ae2444dd\"><strong>Dobrany do Twoich potrzeb\u00a0<br>uzasadniony bud\u017cetowo\u00a0<br>zapewniaj\u0105cy warunki SLA\u00a0<br>spe\u0142niaj\u0105cy cele biznesowe\u00a0<br>gwarantuj\u0105cy redukcj\u0119 koszt\u00f3w\u00a0<\/strong><\/p>\n\n\n\n<div class=\"blockart-button blockart-button-9d9111b6-b39a-442d-bf5d-7edbe9bc7f66 \"><a class=\"blockart-button-link is-custom is-style-filled\" href=\"https:\/\/teamventor.com\/?page_id=1683\">ZOBACZ WIECEJ<\/a><\/div>\n<\/div><\/div>\n\n\n\n<div class=\"blockart-column blockart-column-1f802e56\"><div class=\"blockart-column-inner\">\n<figure class=\"blockart-image blockart-image-a3820f54\"><img decoding=\"async\" class=\"wp-image-1722 hover-effect-static filter-none mask mask-none\" src=\"https:\/\/teamventor.com\/wp-content\/uploads\/2024\/11\/cropped-smart-rodo-3.png\" alt=\"\" height=\"159\" width=\"539\" srcset=\"https:\/\/teamventor.com\/wp-content\/uploads\/2024\/11\/cropped-smart-rodo-3.png 539w, https:\/\/teamventor.com\/wp-content\/uploads\/2024\/11\/cropped-smart-rodo-3-300x88.png 300w\" sizes=\"(max-width: 539px) 100vw, 539px\" \/><\/figure>\n\n\n\n<h5 class=\"blockart-heading blockart-heading-97cfcdbb\">SmartRODO<\/h5>\n\n\n\n<p class=\"blockart-paragraph blockart-paragraph-288f5625\"><strong>Scenariuszowa analiza ryzyk IT\u00a0<br>dob\u00f3r i wdro\u017cenie \u015brodk\u00f3w T&amp;O\u00a0<br>aktualizacje dokumentacji\u00a0<br>realne powi\u0105zanie RODO &amp; IT\u00a0\u00a0\u00a0<\/strong><br><strong>\u00a0\u00a0<\/strong><\/p>\n\n\n\n<div class=\"blockart-button blockart-button-19ae99ea-6760-490e-afab-4fe68c5103c6 \"><a class=\"blockart-button-link is-custom is-style-filled\" href=\"https:\/\/teamventor.com\/?page_id=1685\">ZOBACZ WIECEJ<\/a><\/div>\n<\/div><\/div>\n<\/div><\/div><\/div>\n<\/div><\/div>\n<\/div><\/div><\/div>\n\n\n\n<div class=\"alignfull blockart-section blockart-section-a4deaa34 alignfull\"><div class=\"blockart-overlay\"><\/div><div class=\"blockart-container\"><div class=\"blockart-section-inner\">\n<div class=\"blockart-column blockart-column-0dc93348\"><div class=\"blockart-column-inner justify-center align-center\">\n<h3 class=\"blockart-heading blockart-heading-5ebb4cb4\">B\u0105d\u017amy w kontakcie!<\/h3>\n\n\n\n\n\n<div class=\"blockart-section blockart-section-b8b6ef2d\"><div class=\"blockart-container\"><div class=\"blockart-section-inner\">\n<div class=\"blockart-column blockart-column-8b7e6e8c\"><div class=\"blockart-column-inner justify-center align-center\">\n<figure class=\"wp-block-image size-full is-resized is-style-default\"><a href=\"https:\/\/www.facebook.com\/p\/Teamventor-100067331935632\/?locale=fo_FO\"><img loading=\"lazy\" decoding=\"async\" width=\"240\" height=\"240\" src=\"https:\/\/teamventor.com\/wp-content\/uploads\/2024\/12\/icons8-facebook-240.png\" alt=\"\" class=\"wp-image-1974\" style=\"width:330px;height:auto\" srcset=\"https:\/\/teamventor.com\/wp-content\/uploads\/2024\/12\/icons8-facebook-240.png 240w, https:\/\/teamventor.com\/wp-content\/uploads\/2024\/12\/icons8-facebook-240-150x150.png 150w\" sizes=\"(max-width: 240px) 100vw, 240px\" \/><\/a><\/figure>\n<\/div><\/div>\n\n\n\n<div class=\"blockart-column blockart-column-6dad4d65\"><div class=\"blockart-column-inner justify-center align-center\">\n<figure class=\"wp-block-image size-full is-resized is-style-default\"><a href=\"https:\/\/www.linkedin.com\/company\/teamventor-sp-z-o-o-\/?originalSubdomain=pl\"><img loading=\"lazy\" decoding=\"async\" width=\"240\" height=\"240\" src=\"https:\/\/teamventor.com\/wp-content\/uploads\/2024\/12\/icons8-linkedin-240.png\" alt=\"\" class=\"wp-image-1976\" style=\"width:331px;height:auto\" srcset=\"https:\/\/teamventor.com\/wp-content\/uploads\/2024\/12\/icons8-linkedin-240.png 240w, https:\/\/teamventor.com\/wp-content\/uploads\/2024\/12\/icons8-linkedin-240-150x150.png 150w\" sizes=\"(max-width: 240px) 100vw, 240px\" \/><\/a><\/figure>\n<\/div><\/div>\n<\/div><\/div><\/div>\n<\/div><\/div>\n<\/div><\/div><\/div>\n","protected":false},"excerpt":{"rendered":"","protected":false},"author":2,"featured_media":0,"parent":0,"menu_order":0,"comment_status":"closed","ping_status":"open","template":"","meta":{"footnotes":""},"class_list":["post-669","page","type-page","status-publish","hentry"],"yoast_head":"<!-- This site is optimized with the Yoast SEO plugin v24.3 - https:\/\/yoast.com\/wordpress\/plugins\/seo\/ -->\n<title>US\u0141UGI - TeamVentor<\/title>\n<meta name=\"robots\" content=\"index, follow, max-snippet:-1, max-image-preview:large, max-video-preview:-1\" \/>\n<link rel=\"canonical\" href=\"https:\/\/teamventor.com\/?page_id=669\" \/>\n<meta property=\"og:locale\" content=\"pl_PL\" \/>\n<meta property=\"og:type\" content=\"article\" \/>\n<meta property=\"og:title\" content=\"US\u0141UGI - TeamVentor\" \/>\n<meta property=\"og:url\" content=\"https:\/\/teamventor.com\/?page_id=669\" \/>\n<meta property=\"og:site_name\" content=\"TeamVentor\" \/>\n<meta property=\"article:publisher\" content=\"https:\/\/www.facebook.com\/p\/Teamventor-100067331935632\/?locale=fo_FO\" \/>\n<meta property=\"article:modified_time\" content=\"2025-01-17T01:52:04+00:00\" \/>\n<meta property=\"og:image\" content=\"https:\/\/teamventor.com\/wp-content\/uploads\/2024\/11\/cropped-smartstart.png\" \/>\n<meta name=\"twitter:card\" content=\"summary_large_image\" \/>\n<meta name=\"twitter:label1\" content=\"Szacowany czas czytania\" \/>\n\t<meta name=\"twitter:data1\" content=\"1 minuta\" \/>\n<script type=\"application\/ld+json\" class=\"yoast-schema-graph\">{\"@context\":\"https:\/\/schema.org\",\"@graph\":[{\"@type\":\"WebPage\",\"@id\":\"https:\/\/teamventor.com\/?page_id=669\",\"url\":\"https:\/\/teamventor.com\/?page_id=669\",\"name\":\"US\u0141UGI - TeamVentor\",\"isPartOf\":{\"@id\":\"https:\/\/teamventor.com\/#website\"},\"primaryImageOfPage\":{\"@id\":\"https:\/\/teamventor.com\/?page_id=669#primaryimage\"},\"image\":{\"@id\":\"https:\/\/teamventor.com\/?page_id=669#primaryimage\"},\"thumbnailUrl\":\"https:\/\/teamventor.com\/wp-content\/uploads\/2024\/11\/cropped-smartstart.png\",\"datePublished\":\"2015-07-29T13:44:44+00:00\",\"dateModified\":\"2025-01-17T01:52:04+00:00\",\"breadcrumb\":{\"@id\":\"https:\/\/teamventor.com\/?page_id=669#breadcrumb\"},\"inLanguage\":\"pl-PL\",\"potentialAction\":[{\"@type\":\"ReadAction\",\"target\":[\"https:\/\/teamventor.com\/?page_id=669\"]}]},{\"@type\":\"ImageObject\",\"inLanguage\":\"pl-PL\",\"@id\":\"https:\/\/teamventor.com\/?page_id=669#primaryimage\",\"url\":\"https:\/\/teamventor.com\/wp-content\/uploads\/2024\/11\/cropped-smartstart.png\",\"contentUrl\":\"https:\/\/teamventor.com\/wp-content\/uploads\/2024\/11\/cropped-smartstart.png\",\"width\":543,\"height\":165},{\"@type\":\"BreadcrumbList\",\"@id\":\"https:\/\/teamventor.com\/?page_id=669#breadcrumb\",\"itemListElement\":[{\"@type\":\"ListItem\",\"position\":1,\"name\":\"Strona g\u0142\u00f3wna\",\"item\":\"https:\/\/teamventor.com\/\"},{\"@type\":\"ListItem\",\"position\":2,\"name\":\"US\u0141UGI\"}]},{\"@type\":\"WebSite\",\"@id\":\"https:\/\/teamventor.com\/#website\",\"url\":\"https:\/\/teamventor.com\/\",\"name\":\"TeamVentor | IT SUPPORT EXPERTS\",\"description\":\"\",\"publisher\":{\"@id\":\"https:\/\/teamventor.com\/#organization\"},\"alternateName\":\"TeamVentor\",\"potentialAction\":[{\"@type\":\"SearchAction\",\"target\":{\"@type\":\"EntryPoint\",\"urlTemplate\":\"https:\/\/teamventor.com\/?s={search_term_string}\"},\"query-input\":{\"@type\":\"PropertyValueSpecification\",\"valueRequired\":true,\"valueName\":\"search_term_string\"}}],\"inLanguage\":\"pl-PL\"},{\"@type\":\"Organization\",\"@id\":\"https:\/\/teamventor.com\/#organization\",\"name\":\"TeamVentor\",\"url\":\"https:\/\/teamventor.com\/\",\"logo\":{\"@type\":\"ImageObject\",\"inLanguage\":\"pl-PL\",\"@id\":\"https:\/\/teamventor.com\/#\/schema\/logo\/image\/\",\"url\":\"https:\/\/teamventor.com\/wp-content\/uploads\/2024\/11\/cropped-LOGO.png\",\"contentUrl\":\"https:\/\/teamventor.com\/wp-content\/uploads\/2024\/11\/cropped-LOGO.png\",\"width\":301,\"height\":93,\"caption\":\"TeamVentor\"},\"image\":{\"@id\":\"https:\/\/teamventor.com\/#\/schema\/logo\/image\/\"},\"sameAs\":[\"https:\/\/www.facebook.com\/p\/Teamventor-100067331935632\/?locale=fo_FO\",\"https:\/\/www.linkedin.com\/company\/teamventor-sp-z-o-o-\/?originalSubdomain=pl\"]}]}<\/script>\n<!-- \/ Yoast SEO plugin. -->","yoast_head_json":{"title":"US\u0141UGI - TeamVentor","robots":{"index":"index","follow":"follow","max-snippet":"max-snippet:-1","max-image-preview":"max-image-preview:large","max-video-preview":"max-video-preview:-1"},"canonical":"https:\/\/teamventor.com\/?page_id=669","og_locale":"pl_PL","og_type":"article","og_title":"US\u0141UGI - TeamVentor","og_url":"https:\/\/teamventor.com\/?page_id=669","og_site_name":"TeamVentor","article_publisher":"https:\/\/www.facebook.com\/p\/Teamventor-100067331935632\/?locale=fo_FO","article_modified_time":"2025-01-17T01:52:04+00:00","og_image":[{"url":"https:\/\/teamventor.com\/wp-content\/uploads\/2024\/11\/cropped-smartstart.png","type":"","width":"","height":""}],"twitter_card":"summary_large_image","twitter_misc":{"Szacowany czas czytania":"1 minuta"},"schema":{"@context":"https:\/\/schema.org","@graph":[{"@type":"WebPage","@id":"https:\/\/teamventor.com\/?page_id=669","url":"https:\/\/teamventor.com\/?page_id=669","name":"US\u0141UGI - TeamVentor","isPartOf":{"@id":"https:\/\/teamventor.com\/#website"},"primaryImageOfPage":{"@id":"https:\/\/teamventor.com\/?page_id=669#primaryimage"},"image":{"@id":"https:\/\/teamventor.com\/?page_id=669#primaryimage"},"thumbnailUrl":"https:\/\/teamventor.com\/wp-content\/uploads\/2024\/11\/cropped-smartstart.png","datePublished":"2015-07-29T13:44:44+00:00","dateModified":"2025-01-17T01:52:04+00:00","breadcrumb":{"@id":"https:\/\/teamventor.com\/?page_id=669#breadcrumb"},"inLanguage":"pl-PL","potentialAction":[{"@type":"ReadAction","target":["https:\/\/teamventor.com\/?page_id=669"]}]},{"@type":"ImageObject","inLanguage":"pl-PL","@id":"https:\/\/teamventor.com\/?page_id=669#primaryimage","url":"https:\/\/teamventor.com\/wp-content\/uploads\/2024\/11\/cropped-smartstart.png","contentUrl":"https:\/\/teamventor.com\/wp-content\/uploads\/2024\/11\/cropped-smartstart.png","width":543,"height":165},{"@type":"BreadcrumbList","@id":"https:\/\/teamventor.com\/?page_id=669#breadcrumb","itemListElement":[{"@type":"ListItem","position":1,"name":"Strona g\u0142\u00f3wna","item":"https:\/\/teamventor.com\/"},{"@type":"ListItem","position":2,"name":"US\u0141UGI"}]},{"@type":"WebSite","@id":"https:\/\/teamventor.com\/#website","url":"https:\/\/teamventor.com\/","name":"TeamVentor | IT SUPPORT EXPERTS","description":"","publisher":{"@id":"https:\/\/teamventor.com\/#organization"},"alternateName":"TeamVentor","potentialAction":[{"@type":"SearchAction","target":{"@type":"EntryPoint","urlTemplate":"https:\/\/teamventor.com\/?s={search_term_string}"},"query-input":{"@type":"PropertyValueSpecification","valueRequired":true,"valueName":"search_term_string"}}],"inLanguage":"pl-PL"},{"@type":"Organization","@id":"https:\/\/teamventor.com\/#organization","name":"TeamVentor","url":"https:\/\/teamventor.com\/","logo":{"@type":"ImageObject","inLanguage":"pl-PL","@id":"https:\/\/teamventor.com\/#\/schema\/logo\/image\/","url":"https:\/\/teamventor.com\/wp-content\/uploads\/2024\/11\/cropped-LOGO.png","contentUrl":"https:\/\/teamventor.com\/wp-content\/uploads\/2024\/11\/cropped-LOGO.png","width":301,"height":93,"caption":"TeamVentor"},"image":{"@id":"https:\/\/teamventor.com\/#\/schema\/logo\/image\/"},"sameAs":["https:\/\/www.facebook.com\/p\/Teamventor-100067331935632\/?locale=fo_FO","https:\/\/www.linkedin.com\/company\/teamventor-sp-z-o-o-\/?originalSubdomain=pl"]}]}},"_links":{"self":[{"href":"https:\/\/teamventor.com\/index.php?rest_route=\/wp\/v2\/pages\/669","targetHints":{"allow":["GET"]}}],"collection":[{"href":"https:\/\/teamventor.com\/index.php?rest_route=\/wp\/v2\/pages"}],"about":[{"href":"https:\/\/teamventor.com\/index.php?rest_route=\/wp\/v2\/types\/page"}],"author":[{"embeddable":true,"href":"https:\/\/teamventor.com\/index.php?rest_route=\/wp\/v2\/users\/2"}],"replies":[{"embeddable":true,"href":"https:\/\/teamventor.com\/index.php?rest_route=%2Fwp%2Fv2%2Fcomments&post=669"}],"version-history":[{"count":56,"href":"https:\/\/teamventor.com\/index.php?rest_route=\/wp\/v2\/pages\/669\/revisions"}],"predecessor-version":[{"id":3203,"href":"https:\/\/teamventor.com\/index.php?rest_route=\/wp\/v2\/pages\/669\/revisions\/3203"}],"wp:attachment":[{"href":"https:\/\/teamventor.com\/index.php?rest_route=%2Fwp%2Fv2%2Fmedia&parent=669"}],"curies":[{"name":"wp","href":"https:\/\/api.w.org\/{rel}","templated":true}]}}