{"id":1687,"date":"2024-11-09T22:34:36","date_gmt":"2024-11-09T21:34:36","guid":{"rendered":"http:\/\/testtv.teamventor.com\/?page_id=1687"},"modified":"2025-01-17T02:49:37","modified_gmt":"2025-01-17T01:49:37","slug":"smartstart-2","status":"publish","type":"page","link":"https:\/\/teamventor.com\/?page_id=1687","title":{"rendered":"SmartSTART"},"content":{"rendered":"\n<p class=\"has-colibri-color-1-color has-text-color has-link-color wp-elements-a0a96d9b63eb79ba7bdcdd1826ac00cb\"><strong>TeamVentor SmartSTART \u2013 warto dobrze zacz\u0105\u0107<\/strong>&nbsp;<\/p>\n\n\n\n<p>Chcesz usprawni\u0107 swoje \u015brodowisko IT i zapewni\u0107 firmie stabilno\u015b\u0107, bezpiecze\u0144stwo oraz efektywno\u015b\u0107? Pakiet us\u0142ug <strong>TeamVentor SmartSTART<\/strong> to Tw\u00f3j istotny krok ku nowoczesnym rozwi\u0105zaniom IT. Kompleksowa inwentaryzacja, audyt, wdro\u017cenie i specjalistyczne rekomendacje \u2013 wszystko dopasowane do potrzeb Twojej organizacji.&nbsp;<\/p>\n\n\n\n<p><strong>Dowiedz si\u0119 wi\u0119cej<\/strong> o tym, jak SmartSTART mo\u017ce przynie\u015b\u0107 d\u0142ugoterminowe korzy\u015bci Twojemu biznesowi \u2013 od jednorazowego audytu po fundament ramowej wsp\u00f3\u0142pracy z TeamVentor.&nbsp;<br><\/p>\n\n\n\n<hr class=\"wp-block-separator aligncenter has-alpha-channel-opacity is-style-wide\"\/>\n\n\n\n<p class=\"has-colibri-color-1-color has-text-color has-link-color wp-elements-343125da41ea61546d38575392fc346c\"><strong>Jak dzia\u0142a TeamVentor SmartSTART?<\/strong>&nbsp;<\/p>\n\n\n\n<p>TeamVentor SmartSTART to unikalna us\u0142uga wsparcia IT, stworzona dla firm ka\u017cdej wielko\u015bci. Naszym celem jest zapewnienie profesjonalnej obs\u0142ugi \u015brodowiska IT, obejmuj\u0105cej:&nbsp;<\/p>\n\n\n\n<ul class=\"wp-block-list\">\n<li><strong>Inwentaryzacj\u0119 i analiz\u0119 zasob\u00f3w IT<\/strong>&nbsp;<\/li>\n<\/ul>\n\n\n\n<ul class=\"wp-block-list\">\n<li><strong>Rekomendacje rozwi\u0105za\u0144 technologicznych<\/strong>&nbsp;<\/li>\n<\/ul>\n\n\n\n<ul class=\"wp-block-list\">\n<li><strong>Wdro\u017cenie modeli operacyjnych poprawiaj\u0105cych efektywno\u015b\u0107 i bezpiecze\u0144stwo<\/strong>&nbsp;<\/li>\n<\/ul>\n\n\n\n<p>Pakiet sk\u0142ada si\u0119 z trzech kluczowych element\u00f3w:&nbsp;<br>&nbsp;<br><strong>1. Wdro\u017cenie zarz\u0105dzalnego wsparcia IT dla nowych klient\u00f3w<\/strong>&nbsp;<\/p>\n\n\n\n<p>Je\u015bli Twoja firma dopiero zaczyna wsp\u00f3\u0142prac\u0119 z TeamVentor, SmartSTART pomo\u017ce w efektywnym przej\u0119ciu obs\u0142ugi IT. Us\u0142uga obejmuje:&nbsp;<\/p>\n\n\n\n<ul class=\"wp-block-list\">\n<li><strong>Inwentaryzacj\u0119 sprz\u0119tu i oprogramowania<\/strong> \u2013 szczeg\u00f3\u0142owy przegl\u0105d urz\u0105dze\u0144, hosting\u00f3w, us\u0142ug chmurowych i zasob\u00f3w sieciowych.&nbsp;<\/li>\n<\/ul>\n\n\n\n<ul class=\"wp-block-list\">\n<li><strong>Mapowanie proces\u00f3w<\/strong> \u2013 analiza istniej\u0105cych scenariuszy operacyjnych w celu ich optymalizacji.&nbsp;<\/li>\n<\/ul>\n\n\n\n<ul class=\"wp-block-list\">\n<li><strong>Analiz\u0119 efektywno\u015bci i wydajno\u015bci<\/strong> \u2013 identyfikacja obszar\u00f3w do poprawy w zakresie wykorzystania zasob\u00f3w IT.&nbsp;<\/li>\n<\/ul>\n\n\n\n<p>Na podstawie wynik\u00f3w przygotowujemy raport z rekomendacjami, obejmuj\u0105cy:&nbsp;<\/p>\n\n\n\n<ul class=\"wp-block-list\">\n<li>Popraw\u0119 jako\u015bci i wydajno\u015bci infrastruktury IT,&nbsp;<\/li>\n<\/ul>\n\n\n\n<ul class=\"wp-block-list\">\n<li>Propozycj\u0119 rozwi\u0105za\u0144 technicznych i organizacyjnych,&nbsp;<\/li>\n<\/ul>\n\n\n\n<ul class=\"wp-block-list\">\n<li>Model obs\u0142ugi IT zapewniaj\u0105cy komfort pracy u\u017cytkownik\u00f3w,&nbsp;<\/li>\n<\/ul>\n\n\n\n<ul class=\"wp-block-list\">\n<li>Podniesienie poziomu bezpiecze\u0144stwa i zgodno\u015bci z przepisami, np. RODO.&nbsp;<\/li>\n<\/ul>\n\n\n\n<p><strong>2. Ekspercki audyt istniej\u0105cego \u015brodowiska IT<\/strong>&nbsp;<\/p>\n\n\n\n<p>Dla firm, kt\u00f3re ju\u017c posiadaj\u0105 zaawansowane \u015brodowiska IT, SmartSTART oferuje audyt maj\u0105cy na celu:&nbsp;<\/p>\n\n\n\n<ul class=\"wp-block-list\">\n<li>Ocen\u0119 bie\u017c\u0105cego stanu infrastruktury&nbsp;<\/li>\n<\/ul>\n\n\n\n<ul class=\"wp-block-list\">\n<li>Przygotowanie rekomendacji technologicznych i operacyjnych&nbsp;<\/li>\n<\/ul>\n\n\n\n<ul class=\"wp-block-list\">\n<li>Propozycj\u0119 migracji do nowoczesnych \u015brodowisk, takich jak prywatne chmury obliczeniowe&nbsp;<\/li>\n<\/ul>\n\n\n\n<p>Dzi\u0119ki szczeg\u00f3\u0142owemu raportowi Klient zyskuje pe\u0142ny obraz swojego \u015brodowiska IT i mo\u017cliwo\u015bci jego modernizacji.&nbsp;<\/p>\n\n\n\n<p><strong>3. Pilota\u017ce i testy w trybie Proof of Concept (PoC)<\/strong>&nbsp;<\/p>\n\n\n\n<p>Chcesz przetestowa\u0107 nowe rozwi\u0105zania IT przed ich pe\u0142nym wdro\u017ceniem? W ramach SmartSTART oferujemy pilota\u017cowe wdro\u017cenia w trybie PoC, dzi\u0119ki kt\u00f3rym mo\u017cesz oceni\u0107:&nbsp;<\/p>\n\n\n\n<ul class=\"wp-block-list\">\n<li>Efektywno\u015b\u0107 nowych technologii&nbsp;<\/li>\n<\/ul>\n\n\n\n<ul class=\"wp-block-list\">\n<li>Korzy\u015bci wynikaj\u0105ce z modernizacji \u015brodowiska IT&nbsp;<\/li>\n<\/ul>\n\n\n\n<ul class=\"wp-block-list\">\n<li>Zgodno\u015b\u0107 wdro\u017ce\u0144 z celami biznesowymi&nbsp;<\/li>\n<\/ul>\n\n\n\n<p class=\"has-colibri-color-1-color has-text-color has-link-color wp-elements-a1096b442e5ade820013c76d0000cb8f\"><strong>SmartSTART \u2013 jednorazowa us\u0142uga lub pocz\u0105tek trwa\u0142ej wsp\u00f3\u0142pracy<\/strong>&nbsp;<\/p>\n\n\n\n<p>Program SmartSTART mo\u017ce by\u0107 zar\u00f3wno jednorazowym audytem, jak i fundamentem d\u0142ugoterminowej wsp\u00f3\u0142pracy z TeamVentor. Na jego podstawie mo\u017cesz przej\u015b\u0107 do pe\u0142nej obs\u0142ugi w ramach naszych pakiet\u00f3w, takich jak <strong>TeamVentor SmartPLAN<\/strong>.&nbsp;<\/p>\n\n\n\n<p class=\"has-colibri-color-1-color has-text-color has-link-color wp-elements-8d5b14d6edf69a2443c42ef19484c441\"><strong>Dlaczego warto wybra\u0107 TeamVentor?<\/strong>&nbsp;<\/p>\n\n\n\n<ul class=\"wp-block-list\">\n<li>Profesjonalizm i prosty j\u0119zyk \u2013 \u017cadnego technicznego \u017cargonu!&nbsp;<\/li>\n<\/ul>\n\n\n\n<ul class=\"wp-block-list\">\n<li>Elastyczne podej\u015bcie \u2013 dostosowujemy si\u0119 do potrzeb Twojej organizacji.&nbsp;<\/li>\n<\/ul>\n\n\n\n<ul class=\"wp-block-list\">\n<li>Kompleksowe wsparcie \u2013 od audytu po d\u0142ugoterminowe rozwi\u0105zania IT.&nbsp;<\/li>\n<\/ul>\n\n\n\n<p class=\"has-colibri-color-1-color has-text-color has-link-color wp-elements-89b2520696482ff44a4fe672948002ec\"><strong>Zr\u00f3b pierwszy krok z TeamVentor SmartSTART!<\/strong>&nbsp;<\/p>\n\n\n\n<p>Skontaktuj si\u0119 z nami ju\u017c dzi\u015b. W zg\u0142oszeniu wpisz s\u0142owo kluczowe <strong>SmartSTART<\/strong>, a nasi konsultanci skontaktuj\u0105 si\u0119 z Tob\u0105, aby przedstawi\u0107 szczeg\u00f3\u0142y oferty.&nbsp;<br>Postaw na nowoczesne, stabilne i bezpieczne \u015brodowisko IT \u2013 z TeamVentor zawsze jeste\u015b o krok przed konkurencj\u0105!&nbsp;<\/p>\n","protected":false},"excerpt":{"rendered":"<p>TeamVentor SmartSTART \u2013 warto dobrze zacz\u0105\u0107&nbsp; Chcesz usprawni\u0107 swoje \u015brodowisko IT i zapewni\u0107 firmie stabilno\u015b\u0107, bezpiecze\u0144stwo oraz efektywno\u015b\u0107? Pakiet us\u0142ug TeamVentor SmartSTART to Tw\u00f3j istotny krok ku nowoczesnym rozwi\u0105zaniom IT. Kompleksowa inwentaryzacja, audyt, wdro\u017cenie i specjalistyczne rekomendacje \u2013 wszystko dopasowane do potrzeb Twojej organizacji.&nbsp; Dowiedz si\u0119 wi\u0119cej o tym, jak SmartSTART mo\u017ce przynie\u015b\u0107 d\u0142ugoterminowe korzy\u015bci [&hellip;]<\/p>\n","protected":false},"author":1,"featured_media":0,"parent":0,"menu_order":0,"comment_status":"closed","ping_status":"closed","template":"","meta":{"footnotes":""},"class_list":["post-1687","page","type-page","status-publish","hentry"],"yoast_head":"<!-- This site is optimized with the Yoast SEO plugin v24.3 - https:\/\/yoast.com\/wordpress\/plugins\/seo\/ -->\n<title>SmartSTART - TeamVentor<\/title>\n<meta name=\"robots\" content=\"index, follow, max-snippet:-1, max-image-preview:large, max-video-preview:-1\" \/>\n<link rel=\"canonical\" href=\"https:\/\/teamventor.com\/?page_id=1687\" \/>\n<meta property=\"og:locale\" content=\"pl_PL\" \/>\n<meta property=\"og:type\" content=\"article\" \/>\n<meta property=\"og:title\" content=\"SmartSTART - TeamVentor\" \/>\n<meta property=\"og:description\" content=\"TeamVentor SmartSTART \u2013 warto dobrze zacz\u0105\u0107&nbsp; Chcesz usprawni\u0107 swoje \u015brodowisko IT i zapewni\u0107 firmie stabilno\u015b\u0107, bezpiecze\u0144stwo oraz efektywno\u015b\u0107? Pakiet us\u0142ug TeamVentor SmartSTART to Tw\u00f3j istotny krok ku nowoczesnym rozwi\u0105zaniom IT. Kompleksowa inwentaryzacja, audyt, wdro\u017cenie i specjalistyczne rekomendacje \u2013 wszystko dopasowane do potrzeb Twojej organizacji.&nbsp; Dowiedz si\u0119 wi\u0119cej o tym, jak SmartSTART mo\u017ce przynie\u015b\u0107 d\u0142ugoterminowe korzy\u015bci [&hellip;]\" \/>\n<meta property=\"og:url\" content=\"https:\/\/teamventor.com\/?page_id=1687\" \/>\n<meta property=\"og:site_name\" content=\"TeamVentor\" \/>\n<meta property=\"article:publisher\" content=\"https:\/\/www.facebook.com\/p\/Teamventor-100067331935632\/?locale=fo_FO\" \/>\n<meta property=\"article:modified_time\" content=\"2025-01-17T01:49:37+00:00\" \/>\n<meta property=\"og:image\" content=\"https:\/\/teamventor.com\/wp-content\/uploads\/2025\/01\/obrazek-team.png\" \/>\n\t<meta property=\"og:image:width\" content=\"330\" \/>\n\t<meta property=\"og:image:height\" content=\"276\" \/>\n\t<meta property=\"og:image:type\" content=\"image\/png\" \/>\n<meta name=\"twitter:card\" content=\"summary_large_image\" \/>\n<meta name=\"twitter:label1\" content=\"Szacowany czas czytania\" \/>\n\t<meta name=\"twitter:data1\" content=\"3 minuty\" \/>\n<script type=\"application\/ld+json\" class=\"yoast-schema-graph\">{\"@context\":\"https:\/\/schema.org\",\"@graph\":[{\"@type\":\"WebPage\",\"@id\":\"https:\/\/teamventor.com\/?page_id=1687\",\"url\":\"https:\/\/teamventor.com\/?page_id=1687\",\"name\":\"SmartSTART - TeamVentor\",\"isPartOf\":{\"@id\":\"https:\/\/teamventor.com\/#website\"},\"datePublished\":\"2024-11-09T21:34:36+00:00\",\"dateModified\":\"2025-01-17T01:49:37+00:00\",\"breadcrumb\":{\"@id\":\"https:\/\/teamventor.com\/?page_id=1687#breadcrumb\"},\"inLanguage\":\"pl-PL\",\"potentialAction\":[{\"@type\":\"ReadAction\",\"target\":[\"https:\/\/teamventor.com\/?page_id=1687\"]}]},{\"@type\":\"BreadcrumbList\",\"@id\":\"https:\/\/teamventor.com\/?page_id=1687#breadcrumb\",\"itemListElement\":[{\"@type\":\"ListItem\",\"position\":1,\"name\":\"Strona g\u0142\u00f3wna\",\"item\":\"https:\/\/teamventor.com\/\"},{\"@type\":\"ListItem\",\"position\":2,\"name\":\"SmartSTART\"}]},{\"@type\":\"WebSite\",\"@id\":\"https:\/\/teamventor.com\/#website\",\"url\":\"https:\/\/teamventor.com\/\",\"name\":\"TeamVentor | IT SUPPORT EXPERTS\",\"description\":\"\",\"publisher\":{\"@id\":\"https:\/\/teamventor.com\/#organization\"},\"alternateName\":\"TeamVentor\",\"potentialAction\":[{\"@type\":\"SearchAction\",\"target\":{\"@type\":\"EntryPoint\",\"urlTemplate\":\"https:\/\/teamventor.com\/?s={search_term_string}\"},\"query-input\":{\"@type\":\"PropertyValueSpecification\",\"valueRequired\":true,\"valueName\":\"search_term_string\"}}],\"inLanguage\":\"pl-PL\"},{\"@type\":\"Organization\",\"@id\":\"https:\/\/teamventor.com\/#organization\",\"name\":\"TeamVentor\",\"url\":\"https:\/\/teamventor.com\/\",\"logo\":{\"@type\":\"ImageObject\",\"inLanguage\":\"pl-PL\",\"@id\":\"https:\/\/teamventor.com\/#\/schema\/logo\/image\/\",\"url\":\"https:\/\/teamventor.com\/wp-content\/uploads\/2024\/11\/cropped-LOGO.png\",\"contentUrl\":\"https:\/\/teamventor.com\/wp-content\/uploads\/2024\/11\/cropped-LOGO.png\",\"width\":301,\"height\":93,\"caption\":\"TeamVentor\"},\"image\":{\"@id\":\"https:\/\/teamventor.com\/#\/schema\/logo\/image\/\"},\"sameAs\":[\"https:\/\/www.facebook.com\/p\/Teamventor-100067331935632\/?locale=fo_FO\",\"https:\/\/www.linkedin.com\/company\/teamventor-sp-z-o-o-\/?originalSubdomain=pl\"]}]}<\/script>\n<!-- \/ Yoast SEO plugin. -->","yoast_head_json":{"title":"SmartSTART - TeamVentor","robots":{"index":"index","follow":"follow","max-snippet":"max-snippet:-1","max-image-preview":"max-image-preview:large","max-video-preview":"max-video-preview:-1"},"canonical":"https:\/\/teamventor.com\/?page_id=1687","og_locale":"pl_PL","og_type":"article","og_title":"SmartSTART - TeamVentor","og_description":"TeamVentor SmartSTART \u2013 warto dobrze zacz\u0105\u0107&nbsp; Chcesz usprawni\u0107 swoje \u015brodowisko IT i zapewni\u0107 firmie stabilno\u015b\u0107, bezpiecze\u0144stwo oraz efektywno\u015b\u0107? Pakiet us\u0142ug TeamVentor SmartSTART to Tw\u00f3j istotny krok ku nowoczesnym rozwi\u0105zaniom IT. Kompleksowa inwentaryzacja, audyt, wdro\u017cenie i specjalistyczne rekomendacje \u2013 wszystko dopasowane do potrzeb Twojej organizacji.&nbsp; Dowiedz si\u0119 wi\u0119cej o tym, jak SmartSTART mo\u017ce przynie\u015b\u0107 d\u0142ugoterminowe korzy\u015bci [&hellip;]","og_url":"https:\/\/teamventor.com\/?page_id=1687","og_site_name":"TeamVentor","article_publisher":"https:\/\/www.facebook.com\/p\/Teamventor-100067331935632\/?locale=fo_FO","article_modified_time":"2025-01-17T01:49:37+00:00","og_image":[{"width":330,"height":276,"url":"https:\/\/teamventor.com\/wp-content\/uploads\/2025\/01\/obrazek-team.png","type":"image\/png"}],"twitter_card":"summary_large_image","twitter_misc":{"Szacowany czas czytania":"3 minuty"},"schema":{"@context":"https:\/\/schema.org","@graph":[{"@type":"WebPage","@id":"https:\/\/teamventor.com\/?page_id=1687","url":"https:\/\/teamventor.com\/?page_id=1687","name":"SmartSTART - TeamVentor","isPartOf":{"@id":"https:\/\/teamventor.com\/#website"},"datePublished":"2024-11-09T21:34:36+00:00","dateModified":"2025-01-17T01:49:37+00:00","breadcrumb":{"@id":"https:\/\/teamventor.com\/?page_id=1687#breadcrumb"},"inLanguage":"pl-PL","potentialAction":[{"@type":"ReadAction","target":["https:\/\/teamventor.com\/?page_id=1687"]}]},{"@type":"BreadcrumbList","@id":"https:\/\/teamventor.com\/?page_id=1687#breadcrumb","itemListElement":[{"@type":"ListItem","position":1,"name":"Strona g\u0142\u00f3wna","item":"https:\/\/teamventor.com\/"},{"@type":"ListItem","position":2,"name":"SmartSTART"}]},{"@type":"WebSite","@id":"https:\/\/teamventor.com\/#website","url":"https:\/\/teamventor.com\/","name":"TeamVentor | IT SUPPORT EXPERTS","description":"","publisher":{"@id":"https:\/\/teamventor.com\/#organization"},"alternateName":"TeamVentor","potentialAction":[{"@type":"SearchAction","target":{"@type":"EntryPoint","urlTemplate":"https:\/\/teamventor.com\/?s={search_term_string}"},"query-input":{"@type":"PropertyValueSpecification","valueRequired":true,"valueName":"search_term_string"}}],"inLanguage":"pl-PL"},{"@type":"Organization","@id":"https:\/\/teamventor.com\/#organization","name":"TeamVentor","url":"https:\/\/teamventor.com\/","logo":{"@type":"ImageObject","inLanguage":"pl-PL","@id":"https:\/\/teamventor.com\/#\/schema\/logo\/image\/","url":"https:\/\/teamventor.com\/wp-content\/uploads\/2024\/11\/cropped-LOGO.png","contentUrl":"https:\/\/teamventor.com\/wp-content\/uploads\/2024\/11\/cropped-LOGO.png","width":301,"height":93,"caption":"TeamVentor"},"image":{"@id":"https:\/\/teamventor.com\/#\/schema\/logo\/image\/"},"sameAs":["https:\/\/www.facebook.com\/p\/Teamventor-100067331935632\/?locale=fo_FO","https:\/\/www.linkedin.com\/company\/teamventor-sp-z-o-o-\/?originalSubdomain=pl"]}]}},"_links":{"self":[{"href":"https:\/\/teamventor.com\/index.php?rest_route=\/wp\/v2\/pages\/1687","targetHints":{"allow":["GET"]}}],"collection":[{"href":"https:\/\/teamventor.com\/index.php?rest_route=\/wp\/v2\/pages"}],"about":[{"href":"https:\/\/teamventor.com\/index.php?rest_route=\/wp\/v2\/types\/page"}],"author":[{"embeddable":true,"href":"https:\/\/teamventor.com\/index.php?rest_route=\/wp\/v2\/users\/1"}],"replies":[{"embeddable":true,"href":"https:\/\/teamventor.com\/index.php?rest_route=%2Fwp%2Fv2%2Fcomments&post=1687"}],"version-history":[{"count":9,"href":"https:\/\/teamventor.com\/index.php?rest_route=\/wp\/v2\/pages\/1687\/revisions"}],"predecessor-version":[{"id":2699,"href":"https:\/\/teamventor.com\/index.php?rest_route=\/wp\/v2\/pages\/1687\/revisions\/2699"}],"wp:attachment":[{"href":"https:\/\/teamventor.com\/index.php?rest_route=%2Fwp%2Fv2%2Fmedia&parent=1687"}],"curies":[{"name":"wp","href":"https:\/\/api.w.org\/{rel}","templated":true}]}}